{"id":2,"date":"2025-12-30T16:48:02","date_gmt":"2025-12-30T16:48:02","guid":{"rendered":"https:\/\/frutasyalimentacionandalucia.rkinformatika.online\/?page_id=2"},"modified":"2026-01-08T11:21:50","modified_gmt":"2026-01-08T11:21:50","slug":"inicio","status":"publish","type":"page","link":"https:\/\/frutasyalimentacionandalucia.com\/en\/","title":{"rendered":"Home"},"content":{"rendered":"<div data-elementor-type=\"wp-page\" data-elementor-id=\"2\" class=\"elementor elementor-2\" data-elementor-post-type=\"page\">\n\t\t\t\t<div class=\"elementor-element elementor-element-bcf4c1d e-flex e-con-boxed e-con e-parent\" data-id=\"bcf4c1d\" data-element_type=\"container\" data-e-type=\"container\" data-settings=\"{&quot;background_background&quot;:&quot;classic&quot;}\">\n\t\t\t\t\t<div class=\"e-con-inner\">\n\t\t\t\t<div class=\"elementor-element elementor-element-6dcb713 elementor-widget__width-initial elementor-widget-tablet__width-initial elementor-widget-mobile__width-initial elementor-widget elementor-widget-heading\" data-id=\"6dcb713\" data-element_type=\"widget\" data-e-type=\"widget\" data-widget_type=\"heading.default\">\n\t\t\t\t\t<h2 class=\"elementor-heading-title elementor-size-default\">Welcome to Fruit and Food Andalusia<\/h2>\t\t\t\t<\/div>\n\t\t\t\t\t<\/div>\n\t\t\t\t<\/div>\n\t\t<div class=\"elementor-element elementor-element-6830c63 e-flex e-con-boxed e-con e-parent\" data-id=\"6830c63\" data-element_type=\"container\" data-e-type=\"container\">\n\t\t\t\t\t<div class=\"e-con-inner\">\n\t\t<div class=\"elementor-element elementor-element-ce19a5a e-con-full e-flex e-con e-child\" data-id=\"ce19a5a\" data-element_type=\"container\" data-e-type=\"container\" data-settings=\"{&quot;background_background&quot;:&quot;classic&quot;}\">\n\t\t\t\t<div class=\"elementor-element elementor-element-d3a43be elementor-widget elementor-widget-image\" data-id=\"d3a43be\" data-element_type=\"widget\" data-e-type=\"widget\" data-widget_type=\"image.default\">\n\t\t\t\t\t\t\t\t\t\t\t\t\t\t\t<img fetchpriority=\"high\" decoding=\"async\" width=\"800\" height=\"534\" src=\"https:\/\/frutasyalimentacionandalucia.com\/wp-content\/uploads\/2026\/01\/3432-1024x683.jpg\" class=\"attachment-large size-large wp-image-292\" alt=\"\" srcset=\"https:\/\/frutasyalimentacionandalucia.com\/wp-content\/uploads\/2026\/01\/3432-1024x683.jpg 1024w, https:\/\/frutasyalimentacionandalucia.com\/wp-content\/uploads\/2026\/01\/3432-300x200.jpg 300w, https:\/\/frutasyalimentacionandalucia.com\/wp-content\/uploads\/2026\/01\/3432-768x512.jpg 768w, https:\/\/frutasyalimentacionandalucia.com\/wp-content\/uploads\/2026\/01\/3432-18x12.jpg 18w, https:\/\/frutasyalimentacionandalucia.com\/wp-content\/uploads\/2026\/01\/elementor\/thumbs\/3432-rhb135olnse71i0vqb6lcikw2o2fdrfxid6vvkg3hc.jpg 600w, https:\/\/frutasyalimentacionandalucia.com\/wp-content\/uploads\/2026\/01\/3432.jpg 1500w\" sizes=\"(max-width: 800px) 100vw, 800px\" \/>\t\t\t\t\t\t\t\t\t\t\t\t\t\t\t<\/div>\n\t\t\t\t<\/div>\n\t\t<div class=\"elementor-element elementor-element-b2e7482 e-con-full e-flex e-con e-child\" data-id=\"b2e7482\" data-element_type=\"container\" data-e-type=\"container\">\n\t\t\t\t<div class=\"elementor-element elementor-element-b0a63c8 elementor-widget__width-initial elementor-widget elementor-widget-heading\" data-id=\"b0a63c8\" data-element_type=\"widget\" data-e-type=\"widget\" data-widget_type=\"heading.default\">\n\t\t\t\t\t<h2 class=\"elementor-heading-title elementor-size-default\">About us<\/h2>\t\t\t\t<\/div>\n\t\t\t\t<div class=\"elementor-element elementor-element-a66768d elementor-widget elementor-widget-text-editor\" data-id=\"a66768d\" data-element_type=\"widget\" data-e-type=\"widget\" data-widget_type=\"text-editor.default\">\n\t\t\t\t\t\t\t\t\t<p data-start=\"172\" data-end=\"432\">In our store you'll find everything you need for your home and daily meals, with fresh, high-quality products. We offer flavorful fruits, traditional cured meats like cecina and chorizo, and delicious freshly baked bread from Domi V\u00e9lez.<\/p><p data-start=\"434\" data-end=\"667\">We also have cleaning products to keep your home spotless. Every visit is a pleasant experience, with friendly and personalized service. Come and discover the variety, freshness, and excellent service we have for you!<\/p>\t\t\t\t\t\t\t\t<\/div>\n\t\t\t\t<div class=\"elementor-element elementor-element-ff2d2cd elementor-align-right elementor-widget elementor-widget-button\" data-id=\"ff2d2cd\" data-element_type=\"widget\" data-e-type=\"widget\" data-widget_type=\"button.default\">\n\t\t\t\t\t\t\t\t\t\t<a class=\"elementor-button elementor-button-link elementor-size-sm\" href=\"https:\/\/frutasyalimentacionandalucia.com\/en\/prud\/\">\n\t\t\t\t\t\t<span class=\"elementor-button-content-wrapper\">\n\t\t\t\t\t\t\t\t\t<span class=\"elementor-button-text\">PRODUCTOS<\/span>\n\t\t\t\t\t<\/span>\n\t\t\t\t\t<\/a>\n\t\t\t\t\t\t\t\t<\/div>\n\t\t\t\t<\/div>\n\t\t\t\t\t<\/div>\n\t\t\t\t<\/div>\n\t\t\t\t<\/div>","protected":false},"excerpt":{"rendered":"<p>Bienvenidos a Fruta y Alimentaci\u00f3n Andaluc\u00eda Sobre nosotros En nuestra tienda encontrar\u00e1s todo lo que necesitas para tu hogar y tu alimentaci\u00f3n diaria, con productos frescos y de calidad. Ofrecemos frutas llenas de sabor, embutidos tradicionales como cecina y chorizo, y el delicioso pan reci\u00e9n horneado de Domi V\u00e9lez. Tambi\u00e9n contamos con productos de limpieza [&hellip;]<\/p>\n","protected":false},"author":1,"featured_media":0,"parent":0,"menu_order":0,"comment_status":"closed","ping_status":"closed","template":"elementor_canvas","meta":{"footnotes":""},"class_list":["post-2","page","type-page","status-publish","hentry"],"yoast_head":"<!-- This site is optimized with the Yoast SEO plugin v27.4 - https:\/\/yoast.com\/product\/yoast-seo-wordpress\/ -->\n<title>Inicio - Frutas y Alimentaci\u00f3n Andalucia<\/title>\n<meta name=\"robots\" content=\"index, follow, max-snippet:-1, max-image-preview:large, max-video-preview:-1\" \/>\n<link rel=\"canonical\" href=\"https:\/\/frutasyalimentacionandalucia.com\/en\/\" \/>\n<meta property=\"og:locale\" content=\"en_GB\" \/>\n<meta property=\"og:type\" content=\"article\" \/>\n<meta property=\"og:title\" content=\"Inicio - Frutas y Alimentaci\u00f3n Andalucia\" \/>\n<meta property=\"og:description\" content=\"Bienvenidos a Fruta y Alimentaci\u00f3n Andaluc\u00eda Sobre nosotros En nuestra tienda encontrar\u00e1s todo lo que necesitas para tu hogar y tu alimentaci\u00f3n diaria, con productos frescos y de calidad. Ofrecemos frutas llenas de sabor, embutidos tradicionales como cecina y chorizo, y el delicioso pan reci\u00e9n horneado de Domi V\u00e9lez. Tambi\u00e9n contamos con productos de limpieza [&hellip;]\" \/>\n<meta property=\"og:url\" content=\"https:\/\/frutasyalimentacionandalucia.com\/en\/\" \/>\n<meta property=\"og:site_name\" content=\"Frutas y Alimentaci\u00f3n Andalucia\" \/>\n<meta property=\"article:modified_time\" content=\"2026-01-08T11:21:50+00:00\" \/>\n<meta property=\"og:image\" content=\"https:\/\/frutasyalimentacionandalucia.com\/wp-content\/uploads\/2026\/01\/3432-1024x683.jpg\" \/>\n<meta name=\"twitter:card\" content=\"summary_large_image\" \/>\n<meta name=\"twitter:label1\" content=\"Estimated reading time\" \/>\n\t<meta name=\"twitter:data1\" content=\"1 minute\" \/>\n<script type=\"application\/ld+json\" class=\"yoast-schema-graph\">{\"@context\":\"https:\\\/\\\/schema.org\",\"@graph\":[{\"@type\":\"WebPage\",\"@id\":\"https:\\\/\\\/frutasyalimentacionandalucia.com\\\/\",\"url\":\"https:\\\/\\\/frutasyalimentacionandalucia.com\\\/\",\"name\":\"Inicio - Frutas y Alimentaci\u00f3n Andalucia\",\"isPartOf\":{\"@id\":\"https:\\\/\\\/frutasyalimentacionandalucia.com\\\/#website\"},\"primaryImageOfPage\":{\"@id\":\"https:\\\/\\\/frutasyalimentacionandalucia.com\\\/#primaryimage\"},\"image\":{\"@id\":\"https:\\\/\\\/frutasyalimentacionandalucia.com\\\/#primaryimage\"},\"thumbnailUrl\":\"https:\\\/\\\/frutasyalimentacionandalucia.com\\\/wp-content\\\/uploads\\\/2026\\\/01\\\/3432-1024x683.jpg\",\"datePublished\":\"2025-12-30T16:48:02+00:00\",\"dateModified\":\"2026-01-08T11:21:50+00:00\",\"breadcrumb\":{\"@id\":\"https:\\\/\\\/frutasyalimentacionandalucia.com\\\/#breadcrumb\"},\"inLanguage\":\"en-GB\",\"potentialAction\":[{\"@type\":\"ReadAction\",\"target\":[\"https:\\\/\\\/frutasyalimentacionandalucia.com\\\/\"]}]},{\"@type\":\"ImageObject\",\"inLanguage\":\"en-GB\",\"@id\":\"https:\\\/\\\/frutasyalimentacionandalucia.com\\\/#primaryimage\",\"url\":\"https:\\\/\\\/frutasyalimentacionandalucia.com\\\/wp-content\\\/uploads\\\/2026\\\/01\\\/3432-1024x683.jpg\",\"contentUrl\":\"https:\\\/\\\/frutasyalimentacionandalucia.com\\\/wp-content\\\/uploads\\\/2026\\\/01\\\/3432-1024x683.jpg\"},{\"@type\":\"BreadcrumbList\",\"@id\":\"https:\\\/\\\/frutasyalimentacionandalucia.com\\\/#breadcrumb\",\"itemListElement\":[{\"@type\":\"ListItem\",\"position\":1,\"name\":\"Portada\",\"item\":\"https:\\\/\\\/frutasyalimentacionandalucia.com\\\/\"},{\"@type\":\"ListItem\",\"position\":2,\"name\":\"Inicio\"}]},{\"@type\":\"WebSite\",\"@id\":\"https:\\\/\\\/frutasyalimentacionandalucia.com\\\/#website\",\"url\":\"https:\\\/\\\/frutasyalimentacionandalucia.com\\\/\",\"name\":\"Frutas y Alimentaci\u00f3n Andalucia\",\"description\":\"\",\"publisher\":{\"@id\":\"https:\\\/\\\/frutasyalimentacionandalucia.com\\\/#organization\"},\"potentialAction\":[{\"@type\":\"SearchAction\",\"target\":{\"@type\":\"EntryPoint\",\"urlTemplate\":\"https:\\\/\\\/frutasyalimentacionandalucia.com\\\/?s={search_term_string}\"},\"query-input\":{\"@type\":\"PropertyValueSpecification\",\"valueRequired\":true,\"valueName\":\"search_term_string\"}}],\"inLanguage\":\"en-GB\"},{\"@type\":\"Organization\",\"@id\":\"https:\\\/\\\/frutasyalimentacionandalucia.com\\\/#organization\",\"name\":\"Frutas y Alimentaci\u00f3n Andalucia\",\"url\":\"https:\\\/\\\/frutasyalimentacionandalucia.com\\\/\",\"logo\":{\"@type\":\"ImageObject\",\"inLanguage\":\"en-GB\",\"@id\":\"https:\\\/\\\/frutasyalimentacionandalucia.com\\\/#\\\/schema\\\/logo\\\/image\\\/\",\"url\":\"https:\\\/\\\/frutasyalimentacionandalucia.com\\\/wp-content\\\/uploads\\\/2026\\\/01\\\/cropped-juanmanuelaguilar202511_logo_web.png\",\"contentUrl\":\"https:\\\/\\\/frutasyalimentacionandalucia.com\\\/wp-content\\\/uploads\\\/2026\\\/01\\\/cropped-juanmanuelaguilar202511_logo_web.png\",\"width\":1080,\"height\":1080,\"caption\":\"Frutas y Alimentaci\u00f3n Andalucia\"},\"image\":{\"@id\":\"https:\\\/\\\/frutasyalimentacionandalucia.com\\\/#\\\/schema\\\/logo\\\/image\\\/\"}}]}<\/script>\n<!-- \/ Yoast SEO plugin. -->","yoast_head_json":{"title":"Inicio - Frutas y Alimentaci\u00f3n Andalucia","robots":{"index":"index","follow":"follow","max-snippet":"max-snippet:-1","max-image-preview":"max-image-preview:large","max-video-preview":"max-video-preview:-1"},"canonical":"https:\/\/frutasyalimentacionandalucia.com\/en\/","og_locale":"en_GB","og_type":"article","og_title":"Inicio - Frutas y Alimentaci\u00f3n Andalucia","og_description":"Bienvenidos a Fruta y Alimentaci\u00f3n Andaluc\u00eda Sobre nosotros En nuestra tienda encontrar\u00e1s todo lo que necesitas para tu hogar y tu alimentaci\u00f3n diaria, con productos frescos y de calidad. Ofrecemos frutas llenas de sabor, embutidos tradicionales como cecina y chorizo, y el delicioso pan reci\u00e9n horneado de Domi V\u00e9lez. Tambi\u00e9n contamos con productos de limpieza [&hellip;]","og_url":"https:\/\/frutasyalimentacionandalucia.com\/en\/","og_site_name":"Frutas y Alimentaci\u00f3n Andalucia","article_modified_time":"2026-01-08T11:21:50+00:00","og_image":[{"url":"https:\/\/frutasyalimentacionandalucia.com\/wp-content\/uploads\/2026\/01\/3432-1024x683.jpg","type":"","width":"","height":""}],"twitter_card":"summary_large_image","twitter_misc":{"Estimated reading time":"1 minute"},"schema":{"@context":"https:\/\/schema.org","@graph":[{"@type":"WebPage","@id":"https:\/\/frutasyalimentacionandalucia.com\/","url":"https:\/\/frutasyalimentacionandalucia.com\/","name":"Inicio - Frutas y Alimentaci\u00f3n Andalucia","isPartOf":{"@id":"https:\/\/frutasyalimentacionandalucia.com\/#website"},"primaryImageOfPage":{"@id":"https:\/\/frutasyalimentacionandalucia.com\/#primaryimage"},"image":{"@id":"https:\/\/frutasyalimentacionandalucia.com\/#primaryimage"},"thumbnailUrl":"https:\/\/frutasyalimentacionandalucia.com\/wp-content\/uploads\/2026\/01\/3432-1024x683.jpg","datePublished":"2025-12-30T16:48:02+00:00","dateModified":"2026-01-08T11:21:50+00:00","breadcrumb":{"@id":"https:\/\/frutasyalimentacionandalucia.com\/#breadcrumb"},"inLanguage":"en-GB","potentialAction":[{"@type":"ReadAction","target":["https:\/\/frutasyalimentacionandalucia.com\/"]}]},{"@type":"ImageObject","inLanguage":"en-GB","@id":"https:\/\/frutasyalimentacionandalucia.com\/#primaryimage","url":"https:\/\/frutasyalimentacionandalucia.com\/wp-content\/uploads\/2026\/01\/3432-1024x683.jpg","contentUrl":"https:\/\/frutasyalimentacionandalucia.com\/wp-content\/uploads\/2026\/01\/3432-1024x683.jpg"},{"@type":"BreadcrumbList","@id":"https:\/\/frutasyalimentacionandalucia.com\/#breadcrumb","itemListElement":[{"@type":"ListItem","position":1,"name":"Portada","item":"https:\/\/frutasyalimentacionandalucia.com\/"},{"@type":"ListItem","position":2,"name":"Inicio"}]},{"@type":"WebSite","@id":"https:\/\/frutasyalimentacionandalucia.com\/#website","url":"https:\/\/frutasyalimentacionandalucia.com\/","name":"Frutas y Alimentaci\u00f3n Andalucia","description":"","publisher":{"@id":"https:\/\/frutasyalimentacionandalucia.com\/#organization"},"potentialAction":[{"@type":"SearchAction","target":{"@type":"EntryPoint","urlTemplate":"https:\/\/frutasyalimentacionandalucia.com\/?s={search_term_string}"},"query-input":{"@type":"PropertyValueSpecification","valueRequired":true,"valueName":"search_term_string"}}],"inLanguage":"en-GB"},{"@type":"Organization","@id":"https:\/\/frutasyalimentacionandalucia.com\/#organization","name":"Frutas y Alimentaci\u00f3n Andalucia","url":"https:\/\/frutasyalimentacionandalucia.com\/","logo":{"@type":"ImageObject","inLanguage":"en-GB","@id":"https:\/\/frutasyalimentacionandalucia.com\/#\/schema\/logo\/image\/","url":"https:\/\/frutasyalimentacionandalucia.com\/wp-content\/uploads\/2026\/01\/cropped-juanmanuelaguilar202511_logo_web.png","contentUrl":"https:\/\/frutasyalimentacionandalucia.com\/wp-content\/uploads\/2026\/01\/cropped-juanmanuelaguilar202511_logo_web.png","width":1080,"height":1080,"caption":"Frutas y Alimentaci\u00f3n Andalucia"},"image":{"@id":"https:\/\/frutasyalimentacionandalucia.com\/#\/schema\/logo\/image\/"}}]}},"_links":{"self":[{"href":"https:\/\/frutasyalimentacionandalucia.com\/en\/wp-json\/wp\/v2\/pages\/2","targetHints":{"allow":["GET"]}}],"collection":[{"href":"https:\/\/frutasyalimentacionandalucia.com\/en\/wp-json\/wp\/v2\/pages"}],"about":[{"href":"https:\/\/frutasyalimentacionandalucia.com\/en\/wp-json\/wp\/v2\/types\/page"}],"author":[{"embeddable":true,"href":"https:\/\/frutasyalimentacionandalucia.com\/en\/wp-json\/wp\/v2\/users\/1"}],"replies":[{"embeddable":true,"href":"https:\/\/frutasyalimentacionandalucia.com\/en\/wp-json\/wp\/v2\/comments?post=2"}],"version-history":[{"count":178,"href":"https:\/\/frutasyalimentacionandalucia.com\/en\/wp-json\/wp\/v2\/pages\/2\/revisions"}],"predecessor-version":[{"id":540,"href":"https:\/\/frutasyalimentacionandalucia.com\/en\/wp-json\/wp\/v2\/pages\/2\/revisions\/540"}],"wp:attachment":[{"href":"https:\/\/frutasyalimentacionandalucia.com\/en\/wp-json\/wp\/v2\/media?parent=2"}],"curies":[{"name":"wp","href":"https:\/\/api.w.org\/{rel}","templated":true}]}}